{"id":369,"date":"2022-08-26T05:07:12","date_gmt":"2022-08-26T05:07:12","guid":{"rendered":"https:\/\/rarathemesdemo.com\/grand-construction\/?page_id=369"},"modified":"2023-10-21T05:19:54","modified_gmt":"2023-10-21T05:19:54","slug":"acerca","status":"publish","type":"page","link":"https:\/\/henriquezsolutionsllc.com\/?page_id=369","title":{"rendered":"Acerca de nosotros"},"content":{"rendered":"\n<figure class=\"wp-block-image size-full\"><img loading=\"lazy\" decoding=\"async\" width=\"1024\" height=\"446\" src=\"https:\/\/henriquezsolutionsllc.com\/wp-content\/uploads\/2023\/10\/PHOTO-QUIENES-SOMOS.png\" alt=\"\" class=\"wp-image-573\" srcset=\"https:\/\/henriquezsolutionsllc.com\/wp-content\/uploads\/2023\/10\/PHOTO-QUIENES-SOMOS.png 1024w, https:\/\/henriquezsolutionsllc.com\/wp-content\/uploads\/2023\/10\/PHOTO-QUIENES-SOMOS-300x131.png 300w, https:\/\/henriquezsolutionsllc.com\/wp-content\/uploads\/2023\/10\/PHOTO-QUIENES-SOMOS-768x335.png 768w\" sizes=\"auto, (max-width: 1024px) 100vw, 1024px\" \/><\/figure>\n\n\n\n<p>Desde hace 19 a\u00f1os hemos sido apasionados de la excelencia. Iniciamos haciendo limpieza en casas, luego oficinas. Nuestros clientes siempre estaban satisfechos y nos recomendaban a sus amigos. Despu\u00e9s esos mismos clientes nos ped\u00edan otros servicios con la misma alta calidad. Empezamos a reunir un equipo de personas con la mima pasi\u00f3n por la perfecci\u00f3n y el servicio. Hoy, seguimos apasionados y comprometidos con nuestros clientes y con toda la intenci\u00f3n de establecer y continuar con esas excelentes relaciones de trabajo que producen sensaci\u00f3n de ganar ganar.<\/p>\n","protected":false},"excerpt":{"rendered":"<p>Desde hace 19 a\u00f1os hemos sido apasionados de la excelencia. Iniciamos haciendo limpieza en casas, luego oficinas. Nuestros clientes siempre &hellip; <\/p>\n","protected":false},"author":1,"featured_media":0,"parent":0,"menu_order":0,"comment_status":"closed","ping_status":"closed","template":"","meta":{"footnotes":""},"class_list":["post-369","page","type-page","status-publish","hentry"],"_links":{"self":[{"href":"https:\/\/henriquezsolutionsllc.com\/index.php?rest_route=\/wp\/v2\/pages\/369","targetHints":{"allow":["GET"]}}],"collection":[{"href":"https:\/\/henriquezsolutionsllc.com\/index.php?rest_route=\/wp\/v2\/pages"}],"about":[{"href":"https:\/\/henriquezsolutionsllc.com\/index.php?rest_route=\/wp\/v2\/types\/page"}],"author":[{"embeddable":true,"href":"https:\/\/henriquezsolutionsllc.com\/index.php?rest_route=\/wp\/v2\/users\/1"}],"replies":[{"embeddable":true,"href":"https:\/\/henriquezsolutionsllc.com\/index.php?rest_route=%2Fwp%2Fv2%2Fcomments&post=369"}],"version-history":[{"count":4,"href":"https:\/\/henriquezsolutionsllc.com\/index.php?rest_route=\/wp\/v2\/pages\/369\/revisions"}],"predecessor-version":[{"id":574,"href":"https:\/\/henriquezsolutionsllc.com\/index.php?rest_route=\/wp\/v2\/pages\/369\/revisions\/574"}],"wp:attachment":[{"href":"https:\/\/henriquezsolutionsllc.com\/index.php?rest_route=%2Fwp%2Fv2%2Fmedia&parent=369"}],"curies":[{"name":"wp","href":"https:\/\/api.w.org\/{rel}","templated":true}]}}